{"id":571,"date":"2020-11-27T11:21:54","date_gmt":"2020-11-27T11:21:54","guid":{"rendered":"http:\/\/stamm-sma.de\/?page_id=571"},"modified":"2021-05-28T17:40:34","modified_gmt":"2021-05-28T17:40:34","slug":"fotos-2020","status":"publish","type":"page","link":"http:\/\/stamm-sma.de\/?page_id=571","title":{"rendered":"Fotos 2020"},"content":{"rendered":"<p>Hier seht ihr die Bilder von unseren Aktionen im Jahr 2020. Viel Spa\u00df beim durchschm\u00f6kern!<\/p>\n<p>Unsere erste Aktion in diesem Jahr war das Winterlager im Landjugendhaus Wambach in Taufkirchen. Hier wurde sowohl drinnen als auch drau\u00dfen viel herumgetobt, Spiele gespielt und eine Menge gemeinsam gelacht. Eine technische Besonderheit war ein Bewegungsspiel mit &#8222;Leuchtball-Controller&#8220;, was besonders von der Meute bei jeder Gelgenheit in Beschlag genommen wurde. Beim abschlie\u00dfenden &#8222;Bunten Abend&#8220; gaben die einzelnen Gruppen verschiedene Tanzeinlagen zum Besten. Der Abend wurde dabei von unserem Moderatoren-Duo fachm\u00e4nnisch koordiniert.<\/p>\n<p>ngg_shortcode_0_placeholderDer Rest des Jahres war leider sehr gepr\u00e4gt von der Corona-Pandemie. In diesem Zuge konnten wir auch kaum unser Programm so durchf\u00fchren, wie wir es ursp\u00fcnglich geplant hatten. Gruppenstunden konnten nur zeitweise stattfinden, und an Lager oder Fahrten war erst recht nicht zu denken.<\/p>\n<p>Nichtsdestotrotz haben wir uns bem\u00fcht unseren Mitgliedern ein Programm zu bieten, um die Zeit daheim etwas vergn\u00fcglicher zu gestalten. So haben wir uns f\u00fcr den ersten Lockdown im Fr\u00fcjahr w\u00f6chentliche &#8222;Corona-Challenges&#8220; \u00fcberlegt, die die Meute und Sippe von daheim aus selbst durchf\u00fchren konnten. Das war nat\u00fcrlich nicht dasselbe wie eine Gruppenstunden mit all den anderen Mitgliedern, aber Not macht eben erfinderisch! Ihr k\u00f6nnt <a href=\"http:\/\/stamm-sma.de\/?page_id=392\">hier<\/a> gerne vorbeischauen, was wir uns alles so \u00fcberlegt haben.<\/p>\n<p>Im Sommer wurden die Ma\u00dfnahmen zur Eind\u00e4mmung der Pandemie etwas gelockert. Daher konnten wir auch drei kleinere Tagesaktionen durchf\u00fchren, bei denen wir uns seit ein gef\u00fchlten kleinen Ewigkeit erstmals wieder live und in Farbe wiedersehen konnten. Nat\u00fcrlich ist das nicht dasselbe wie ein gro\u00dfes Sommerlager oder eine Auslandsfahrt, aber nichtsdestotrotz waren wir hier mit gewohnten Elan bei der Sache! Es wurde an der Ache knuspriges Stockbrot \u00fcber den Lagerfeuer zubereitet, und auch beim Zeltaufbau wie dem Errichten von Lagerbauten hat sich unser Nachwuchs mehr als gut geschlagen.<\/p>\nngg_shortcode_1_placeholder\n","protected":false},"excerpt":{"rendered":"<p>Hier seht ihr die Bilder von unseren Aktionen im Jahr 2020. Viel Spa\u00df beim durchschm\u00f6kern! Unsere erste Aktion in diesem Jahr war das Winterlager im Landjugendhaus Wambach in Taufkirchen. Hier wurde sowohl drinnen als auch drau\u00dfen viel herumgetobt, Spiele gespielt und eine Menge gemeinsam gelacht. Eine technische Besonderheit war ein Bewegungsspiel mit &#8222;Leuchtball-Controller&#8220;, was besonders [&hellip;]<\/p>\n","protected":false},"author":1,"featured_media":0,"parent":0,"menu_order":0,"comment_status":"closed","ping_status":"closed","template":"","meta":{"ngg_post_thumbnail":0},"_links":{"self":[{"href":"http:\/\/stamm-sma.de\/index.php?rest_route=\/wp\/v2\/pages\/571"}],"collection":[{"href":"http:\/\/stamm-sma.de\/index.php?rest_route=\/wp\/v2\/pages"}],"about":[{"href":"http:\/\/stamm-sma.de\/index.php?rest_route=\/wp\/v2\/types\/page"}],"author":[{"embeddable":true,"href":"http:\/\/stamm-sma.de\/index.php?rest_route=\/wp\/v2\/users\/1"}],"replies":[{"embeddable":true,"href":"http:\/\/stamm-sma.de\/index.php?rest_route=%2Fwp%2Fv2%2Fcomments&post=571"}],"version-history":[{"count":12,"href":"http:\/\/stamm-sma.de\/index.php?rest_route=\/wp\/v2\/pages\/571\/revisions"}],"predecessor-version":[{"id":653,"href":"http:\/\/stamm-sma.de\/index.php?rest_route=\/wp\/v2\/pages\/571\/revisions\/653"}],"wp:attachment":[{"href":"http:\/\/stamm-sma.de\/index.php?rest_route=%2Fwp%2Fv2%2Fmedia&parent=571"}],"curies":[{"name":"wp","href":"https:\/\/api.w.org\/{rel}","templated":true}]}}