{"id":317,"date":"2020-03-10T20:33:05","date_gmt":"2020-03-10T20:33:05","guid":{"rendered":"http:\/\/stamm-sma.de\/?page_id=317"},"modified":"2020-03-10T20:33:05","modified_gmt":"2020-03-10T20:33:05","slug":"der-chiemsee","status":"publish","type":"page","link":"http:\/\/stamm-sma.de\/?page_id=317","title":{"rendered":"Der Chiemsee"},"content":{"rendered":"\n<p>Der Chiemsee &#8222;Das bayerische Meer&#8220; liegt nur 12 km s\u00fcdlich vom Foxbau. &nbsp;<br>Wunderbar mit dem Rad durch die Kendlm\u00fchlfilzen oder den Achendamm zu erreichen<\/p>\n\n\n\n<p>Ob Badespa\u00df, Schifferl fahren, Fischen, das \u00a0Schloss Herrenchiemsee oder Fraueninsel. Da ist f\u00fcr jeden was dabei!<\/p>\n\n\n\n<p> Links:\u00a0<a href=\"http:\/\/www.chiemsee-schifffahrt.de\">www.chiemsee-schifffahrt.de <\/a><\/p>\n\n\n\n<p><em> Quelle Bild: chiemsee-alpenland.de<\/em><\/p>\n","protected":false},"excerpt":{"rendered":"<p>Der Chiemsee &#8222;Das bayerische Meer&#8220; liegt nur 12 km s\u00fcdlich vom Foxbau. &nbsp;Wunderbar mit dem Rad durch die Kendlm\u00fchlfilzen oder den Achendamm zu erreichen Ob Badespa\u00df, Schifferl fahren, Fischen, das \u00a0Schloss Herrenchiemsee oder Fraueninsel. Da ist f\u00fcr jeden was dabei! Links:\u00a0www.chiemsee-schifffahrt.de Quelle Bild: chiemsee-alpenland.de<\/p>\n","protected":false},"author":1,"featured_media":321,"parent":0,"menu_order":0,"comment_status":"closed","ping_status":"closed","template":"","meta":{"ngg_post_thumbnail":0},"_links":{"self":[{"href":"http:\/\/stamm-sma.de\/index.php?rest_route=\/wp\/v2\/pages\/317"}],"collection":[{"href":"http:\/\/stamm-sma.de\/index.php?rest_route=\/wp\/v2\/pages"}],"about":[{"href":"http:\/\/stamm-sma.de\/index.php?rest_route=\/wp\/v2\/types\/page"}],"author":[{"embeddable":true,"href":"http:\/\/stamm-sma.de\/index.php?rest_route=\/wp\/v2\/users\/1"}],"replies":[{"embeddable":true,"href":"http:\/\/stamm-sma.de\/index.php?rest_route=%2Fwp%2Fv2%2Fcomments&post=317"}],"version-history":[{"count":2,"href":"http:\/\/stamm-sma.de\/index.php?rest_route=\/wp\/v2\/pages\/317\/revisions"}],"predecessor-version":[{"id":322,"href":"http:\/\/stamm-sma.de\/index.php?rest_route=\/wp\/v2\/pages\/317\/revisions\/322"}],"wp:featuredmedia":[{"embeddable":true,"href":"http:\/\/stamm-sma.de\/index.php?rest_route=\/wp\/v2\/media\/321"}],"wp:attachment":[{"href":"http:\/\/stamm-sma.de\/index.php?rest_route=%2Fwp%2Fv2%2Fmedia&parent=317"}],"curies":[{"name":"wp","href":"https:\/\/api.w.org\/{rel}","templated":true}]}}