{"id":217,"date":"2020-02-19T18:43:13","date_gmt":"2020-02-19T18:43:13","guid":{"rendered":"http:\/\/stamm-sma.de\/?page_id=217"},"modified":"2022-08-11T20:16:37","modified_gmt":"2022-08-11T20:16:37","slug":"reservierung","status":"publish","type":"page","link":"http:\/\/stamm-sma.de\/?page_id=217","title":{"rendered":"Reservierung"},"content":{"rendered":"<p>Um den Foxbau online &nbsp;zu reservieren, gebt bitte die unten stehenden Informationen ein. Es ist wichtig, m\u00f6glichst genaue Angaben zu Anzahl und Alter der Teilnehmer zu machen, da wir alle G\u00e4ste melden m\u00fcssen.<br>Der Kur- und Fremdenverkehrsbeitrag bringt f\u00fcr Euch einige Vorteile, unter anderem erm\u00e4\u00dfigte Eintritte und kostenlos Bus fahren.<\/p>\n<p><strong>Preise:<\/strong><\/p>\n<ul>\n<li>Mindestbeitrag f\u00fcr externe Buchung: 70,00 \u20ac<\/li>\n<li>\u00dcbernachtung pro Person und Nacht im Foxbau: 7,00 \u20ac und zus\u00e4tzlich Kurbeitrag 1,50 \u20ac<\/li>\n<li>\u00dcbernachtung pro Person und Nacht am Zeltplatz: 3,50 \u20ac und zus\u00e4tzlich Kurbeitrag 1,50 \u20ac<\/li>\n<li>K\u00fcchenpauschale: 3,00 \u20ac pro Tag (wenn nur Zeltplatz gebucht wird)<\/li>\n<li>Je angefangene Holzkiste (eben aufgef\u00fcllt): 10,00 \u20ac<\/li>\n<\/ul>\n<p>Ihr habt noch offene Fragen? Dann schreibt uns gerne eine E-Mail an <a href=\"mailto:foxbau@stamm-sma.de\">foxbau@stamm-sma.de<\/a>, wir helfen euch gerne weiter!<\/p>\n<h3>Kontaktformular<\/h3>\n\n<div class=\"wpforms-container wpforms-container-full wpforms-block\" id=\"wpforms-219\"><form id=\"wpforms-form-219\" class=\"wpforms-validate wpforms-form\" data-formid=\"219\" method=\"post\" enctype=\"multipart\/form-data\" action=\"\/index.php?rest_route=%2Fwp%2Fv2%2Fpages%2F217\" data-token=\"b6da8462fb2551c7cd26c94e23aa4002\" data-token-time=\"1777498780\"><noscript class=\"wpforms-error-noscript\">Bitte aktiviere JavaScript in deinem Browser, um dieses Formular fertigzustellen.<\/noscript><div class=\"wpforms-field-container\"><div id=\"wpforms-219-field_3-container\" class=\"wpforms-field wpforms-field-text\" data-field-id=\"3\"><label class=\"wpforms-field-label\" for=\"wpforms-219-field_3\">Gruppe \/ Organisation<\/label><input type=\"text\" id=\"wpforms-219-field_3\" class=\"wpforms-field-medium\" name=\"wpforms[fields][3]\" ><\/div><div id=\"wpforms-219-field_0-container\" class=\"wpforms-field wpforms-field-name\" data-field-id=\"0\"><label class=\"wpforms-field-label\">Ansprechpartner <span class=\"wpforms-required-label\">*<\/span><\/label><div class=\"wpforms-field-row wpforms-field-medium\"><div class=\"wpforms-field-row-block wpforms-first wpforms-one-half\"><input type=\"text\" id=\"wpforms-219-field_0\" class=\"wpforms-field-name-first wpforms-field-required\" name=\"wpforms[fields][0][first]\" required><label for=\"wpforms-219-field_0\" class=\"wpforms-field-sublabel after\">Vorname<\/label><\/div><div class=\"wpforms-field-row-block wpforms-one-half\"><input type=\"text\" id=\"wpforms-219-field_0-last\" class=\"wpforms-field-name-last wpforms-field-required\" name=\"wpforms[fields][0][last]\" required><label for=\"wpforms-219-field_0-last\" class=\"wpforms-field-sublabel after\">Nachname<\/label><\/div><\/div><\/div><div id=\"wpforms-219-field_5-container\" class=\"wpforms-field wpforms-field-text\" data-field-id=\"5\"><label class=\"wpforms-field-label\" for=\"wpforms-219-field_5\">Kontaktadresse <span class=\"wpforms-required-label\">*<\/span><\/label><input type=\"text\" id=\"wpforms-219-field_5\" class=\"wpforms-field-medium wpforms-field-required\" name=\"wpforms[fields][5]\" required><\/div><div id=\"wpforms-219-field_12-container\" class=\"wpforms-field wpforms-field-text\" data-field-id=\"12\"><label class=\"wpforms-field-label\" for=\"wpforms-219-field_12\">Telefonnummer <span class=\"wpforms-required-label\">*<\/span><\/label><input type=\"text\" id=\"wpforms-219-field_12\" class=\"wpforms-field-medium wpforms-field-required\" name=\"wpforms[fields][12]\" required><\/div><div id=\"wpforms-219-field_1-container\" class=\"wpforms-field wpforms-field-email\" data-field-id=\"1\"><label class=\"wpforms-field-label\" for=\"wpforms-219-field_1\">E-Mail <span class=\"wpforms-required-label\">*<\/span><\/label><input type=\"email\" id=\"wpforms-219-field_1\" class=\"wpforms-field-medium wpforms-field-required\" name=\"wpforms[fields][1]\" spellcheck=\"false\" required><\/div><div id=\"wpforms-219-field_13-container\" class=\"wpforms-field wpforms-field-number\" data-field-id=\"13\"><label class=\"wpforms-field-label\" for=\"wpforms-219-field_13\">Anzahl an Teilnehmern bis 17 Jahre <span class=\"wpforms-required-label\">*<\/span><\/label><input type=\"number\" id=\"wpforms-219-field_13\" class=\"wpforms-field-medium wpforms-field-required\" name=\"wpforms[fields][13]\" step=\"any\" required><\/div><div id=\"wpforms-219-field_14-container\" class=\"wpforms-field wpforms-field-number\" data-field-id=\"14\"><label class=\"wpforms-field-label\" for=\"wpforms-219-field_14\">Anzahl an Teilnehmern ab 18 Jahre <span class=\"wpforms-required-label\">*<\/span><\/label><input type=\"number\" id=\"wpforms-219-field_14\" class=\"wpforms-field-medium wpforms-field-required\" name=\"wpforms[fields][14]\" step=\"any\" required><\/div><div id=\"wpforms-219-field_9-container\" class=\"wpforms-field wpforms-field-text\" data-field-id=\"9\"><label class=\"wpforms-field-label\" for=\"wpforms-219-field_9\">Anreisedatum und -zeit <span class=\"wpforms-required-label\">*<\/span><\/label><input type=\"text\" id=\"wpforms-219-field_9\" class=\"wpforms-field-medium wpforms-field-required\" name=\"wpforms[fields][9]\" required><\/div><div id=\"wpforms-219-field_10-container\" class=\"wpforms-field wpforms-field-text\" data-field-id=\"10\"><label class=\"wpforms-field-label\" for=\"wpforms-219-field_10\">Abreisedatum und -zeit <span class=\"wpforms-required-label\">*<\/span><\/label><input type=\"text\" id=\"wpforms-219-field_10\" class=\"wpforms-field-medium wpforms-field-required\" name=\"wpforms[fields][10]\" required><\/div><div id=\"wpforms-219-field_2-container\" class=\"wpforms-field wpforms-field-textarea\" data-field-id=\"2\"><label class=\"wpforms-field-label\" for=\"wpforms-219-field_2\">Kommentar oder Nachricht <span class=\"wpforms-required-label\">*<\/span><\/label><textarea id=\"wpforms-219-field_2\" class=\"wpforms-field-medium wpforms-field-required\" name=\"wpforms[fields][2]\" required><\/textarea><\/div><\/div><!-- .wpforms-field-container --><div class=\"wpforms-field wpforms-field-hp\"><label for=\"wpforms-219-field-hp\" class=\"wpforms-field-label\">Email<\/label><input type=\"text\" name=\"wpforms[hp]\" id=\"wpforms-219-field-hp\" class=\"wpforms-field-medium\"><\/div><div class=\"wpforms-recaptcha-container wpforms-is-hcaptcha\" ><div class=\"h-captcha\" data-sitekey=\"ea27fefb-6a22-44ed-bdae-2cadec0165c7\"><\/div><input type=\"text\" name=\"g-recaptcha-hidden\" class=\"wpforms-recaptcha-hidden\" style=\"position:absolute!important;clip:rect(0,0,0,0)!important;height:1px!important;width:1px!important;border:0!important;overflow:hidden!important;padding:0!important;margin:0!important;\" data-rule-hcaptcha=\"1\"><\/div><div class=\"wpforms-submit-container\" ><input type=\"hidden\" name=\"wpforms[id]\" value=\"219\"><input type=\"hidden\" name=\"page_title\" value=\"\"><input type=\"hidden\" name=\"page_url\" value=\"http:\/\/stamm-sma.de\/index.php?rest_route=\/wp\/v2\/pages\/217\"><input type=\"hidden\" name=\"url_referer\" value=\"\"><button type=\"submit\" name=\"wpforms[submit]\" id=\"wpforms-submit-219\" class=\"wpforms-submit\" data-alt-text=\"Senden...\" data-submit-text=\"Absenden\" aria-live=\"assertive\" value=\"wpforms-submit\">Absenden<\/button><\/div><input type=\"hidden\" id=\"ct_checkjs_wpforms_0deb1c54814305ca9ad266f53bc82511\" name=\"ct_checkjs_wpforms\" value=\"0\" \/><script>setTimeout(function(){var ct_input_name = \"ct_checkjs_wpforms_0deb1c54814305ca9ad266f53bc82511\";if (document.getElementById(ct_input_name) !== null) {var ct_input_value = document.getElementById(ct_input_name).value;document.getElementById(ct_input_name).value = document.getElementById(ct_input_name).value.replace(ct_input_value, '1759851023');}}, 1000);<\/script><input\n                    class=\"apbct_special_field apbct_email_id__wp_wpforms\"\n                    name=\"apbct__email_id__wp_wpforms\"\n                    aria-label=\"apbct__label_id__wp_wpforms\"\n                    type=\"text\" size=\"30\" maxlength=\"200\" autocomplete=\"off\"\n                    value=\"\"\n                \/><\/form><\/div>  <!-- .wpforms-container -->","protected":false},"excerpt":{"rendered":"<p>Um den Foxbau online &nbsp;zu reservieren, gebt bitte die unten stehenden Informationen ein. Es ist wichtig, m\u00f6glichst genaue Angaben zu Anzahl und Alter der Teilnehmer zu machen, da wir alle G\u00e4ste melden m\u00fcssen.Der Kur- und Fremdenverkehrsbeitrag bringt f\u00fcr Euch einige Vorteile, unter anderem erm\u00e4\u00dfigte Eintritte und kostenlos Bus fahren. Preise: Mindestbeitrag f\u00fcr externe Buchung: 70,00 [&hellip;]<\/p>\n","protected":false},"author":1,"featured_media":0,"parent":0,"menu_order":0,"comment_status":"closed","ping_status":"closed","template":"","meta":{"ngg_post_thumbnail":0},"_links":{"self":[{"href":"http:\/\/stamm-sma.de\/index.php?rest_route=\/wp\/v2\/pages\/217"}],"collection":[{"href":"http:\/\/stamm-sma.de\/index.php?rest_route=\/wp\/v2\/pages"}],"about":[{"href":"http:\/\/stamm-sma.de\/index.php?rest_route=\/wp\/v2\/types\/page"}],"author":[{"embeddable":true,"href":"http:\/\/stamm-sma.de\/index.php?rest_route=\/wp\/v2\/users\/1"}],"replies":[{"embeddable":true,"href":"http:\/\/stamm-sma.de\/index.php?rest_route=%2Fwp%2Fv2%2Fcomments&post=217"}],"version-history":[{"count":8,"href":"http:\/\/stamm-sma.de\/index.php?rest_route=\/wp\/v2\/pages\/217\/revisions"}],"predecessor-version":[{"id":732,"href":"http:\/\/stamm-sma.de\/index.php?rest_route=\/wp\/v2\/pages\/217\/revisions\/732"}],"wp:attachment":[{"href":"http:\/\/stamm-sma.de\/index.php?rest_route=%2Fwp%2Fv2%2Fmedia&parent=217"}],"curies":[{"name":"wp","href":"https:\/\/api.w.org\/{rel}","templated":true}]}}