{"id":215,"date":"2020-02-19T18:20:38","date_gmt":"2020-02-19T18:20:38","guid":{"rendered":"http:\/\/stamm-sma.de\/?page_id=215"},"modified":"2020-02-20T10:04:27","modified_gmt":"2020-02-20T10:04:27","slug":"allgemeines-ueber-den-foxbau","status":"publish","type":"page","link":"http:\/\/stamm-sma.de\/?page_id=215","title":{"rendered":"Allgemeines \u00fcber den Foxbau"},"content":{"rendered":"\n<div class=\"wp-block-columns\">\n<div class=\"wp-block-column\" style=\"flex-basis:66.66%\">\n<p>Im Oktober 2014 haben wir das Geb\u00e4ude des &#8222;Bergbadst\u00fcberls&#8220;, eine ehemalige&nbsp; kleine Gastst\u00e4tte, \u00fcbernommen. Durch den unerm\u00fcdlichen Einsatz einiger Helfer haben wir daraus eine wunderbare Begegnungsst\u00e4tte f\u00fcr Pfadfinder bzw. Kinder, Jugendliche und Erwachsene geschaffen. Wir nennen sie den &#8222;Foxbau&#8220; im Gedenken an einen gro\u00dfartigen Pfadfinder und treuen Gef\u00e4hrten Folker &#8222;Fox&#8220; Schindlmayr.<\/p>\n<\/div>\n\n\n\n<div class=\"wp-block-column\" style=\"flex-basis:33.33%\">\n<figure class=\"wp-block-image size-large\"><img loading=\"lazy\" width=\"600\" height=\"900\" src=\"http:\/\/stamm-sma.de\/wp-content\/uploads\/2020\/02\/107_766.jpg\" alt=\"\" class=\"wp-image-243\" srcset=\"http:\/\/stamm-sma.de\/wp-content\/uploads\/2020\/02\/107_766.jpg 600w, http:\/\/stamm-sma.de\/wp-content\/uploads\/2020\/02\/107_766-200x300.jpg 200w\" sizes=\"(max-width: 600px) 100vw, 600px\" \/><figcaption>Folker &#8222;Fox&#8220; Schindlmayr<\/figcaption><\/figure>\n<\/div>\n<\/div>\n","protected":false},"excerpt":{"rendered":"<p>Im Oktober 2014 haben wir das Geb\u00e4ude des &#8222;Bergbadst\u00fcberls&#8220;, eine ehemalige&nbsp; kleine Gastst\u00e4tte, \u00fcbernommen. Durch den unerm\u00fcdlichen Einsatz einiger Helfer haben wir daraus eine wunderbare Begegnungsst\u00e4tte f\u00fcr Pfadfinder bzw. Kinder, Jugendliche und Erwachsene geschaffen. Wir nennen sie den &#8222;Foxbau&#8220; im Gedenken an einen gro\u00dfartigen Pfadfinder und treuen Gef\u00e4hrten Folker &#8222;Fox&#8220; Schindlmayr.<\/p>\n","protected":false},"author":1,"featured_media":0,"parent":0,"menu_order":0,"comment_status":"closed","ping_status":"closed","template":"","meta":{"ngg_post_thumbnail":0},"_links":{"self":[{"href":"http:\/\/stamm-sma.de\/index.php?rest_route=\/wp\/v2\/pages\/215"}],"collection":[{"href":"http:\/\/stamm-sma.de\/index.php?rest_route=\/wp\/v2\/pages"}],"about":[{"href":"http:\/\/stamm-sma.de\/index.php?rest_route=\/wp\/v2\/types\/page"}],"author":[{"embeddable":true,"href":"http:\/\/stamm-sma.de\/index.php?rest_route=\/wp\/v2\/users\/1"}],"replies":[{"embeddable":true,"href":"http:\/\/stamm-sma.de\/index.php?rest_route=%2Fwp%2Fv2%2Fcomments&post=215"}],"version-history":[{"count":4,"href":"http:\/\/stamm-sma.de\/index.php?rest_route=\/wp\/v2\/pages\/215\/revisions"}],"predecessor-version":[{"id":251,"href":"http:\/\/stamm-sma.de\/index.php?rest_route=\/wp\/v2\/pages\/215\/revisions\/251"}],"wp:attachment":[{"href":"http:\/\/stamm-sma.de\/index.php?rest_route=%2Fwp%2Fv2%2Fmedia&parent=215"}],"curies":[{"name":"wp","href":"https:\/\/api.w.org\/{rel}","templated":true}]}}