{"id":186,"date":"2020-02-19T16:29:36","date_gmt":"2020-02-19T16:29:36","guid":{"rendered":"http:\/\/stamm-sma.de\/?page_id=186"},"modified":"2021-05-16T12:07:55","modified_gmt":"2021-05-16T12:07:55","slug":"downloads","status":"publish","type":"page","link":"http:\/\/stamm-sma.de\/?page_id=186","title":{"rendered":"Downloads"},"content":{"rendered":"<h3>Allgemeine Dokumente<\/h3>\n<p>Hier findet ihr einige wichtige Dokumente:<\/p>\n<p><a href=\"http:\/\/stamm-sma.de\/wp-content\/uploads\/2020\/02\/601001-0719_Aufnahmeantrag.pdf\">Aufnahmeantrag Neumitglieder<\/a><\/p>\n<p><a href=\"http:\/\/stamm-sma.de\/wp-content\/uploads\/2020\/02\/Aufnahmeantrag-Pfadfinder-F\u00f6rderverein-Achental.pdf\">Aufnahmeantrag Pfadfinder F\u00f6rderkreis Achental<\/a><\/p>\n<p><a href=\"http:\/\/stamm-sma.de\/wp-content\/uploads\/2020\/02\/Einverst\u00e4ndniserkl\u00e4rung-Bildrechte-1.pdf\">Einverst\u00e4ndniserkl\u00e4rung Bildrechte<\/a><\/p>\n<p><a href=\"http:\/\/stamm-sma.de\/wp-content\/uploads\/2020\/02\/Flyer_Pfadfinder-F\u00f6rderkreis-Achental.pdf\">Flyer Pfadfinder F\u00f6rderkreis Achental<\/a><\/p>\n<p><a href=\"http:\/\/stamm-sma.de\/wp-content\/uploads\/2020\/02\/Notfallliste-SMA.pdf\">Notfallliste SMA<\/a><\/p>\n<p><a href=\"http:\/\/stamm-sma.de\/wp-content\/uploads\/2020\/02\/Ordnungsgem\u00e4\u00dfe-Kluft-mit-Abzeichen.pdf\">Ordnungsgem\u00e4\u00dfe Kluft mit Abzeichen<\/a><\/p>\n<p><a href=\"http:\/\/stamm-sma.de\/wp-content\/uploads\/2020\/02\/Packliste_Lager_V2.pdf\">Packliste Lager <\/a><\/p>\n<p><a href=\"http:\/\/stamm-sma.de\/wp-content\/uploads\/2020\/02\/Packliste_Haik.pdf\">Packliste Haik<\/a><\/p>\n<h3>Rundbriefe<\/h3>\n<p>Hier findet ihr die letzten Rundbriefe:<\/p>\n<p>&nbsp;<\/p>\n<h3>Bevorstehende Aktionen<\/h3>\n<p>Hier findet ihr die Ausschreibungen und Anmeldungen f\u00fcr bevorstehende Aktionen:<\/p>\n<p>&nbsp;<\/p>\n","protected":false},"excerpt":{"rendered":"<p>Allgemeine Dokumente Hier findet ihr einige wichtige Dokumente: Aufnahmeantrag Neumitglieder Aufnahmeantrag Pfadfinder F\u00f6rderkreis Achental Einverst\u00e4ndniserkl\u00e4rung Bildrechte Flyer Pfadfinder F\u00f6rderkreis Achental Notfallliste SMA Ordnungsgem\u00e4\u00dfe Kluft mit Abzeichen Packliste Lager Packliste Haik Rundbriefe Hier findet ihr die letzten Rundbriefe: &nbsp; Bevorstehende Aktionen Hier findet ihr die Ausschreibungen und Anmeldungen f\u00fcr bevorstehende Aktionen: &nbsp;<\/p>\n","protected":false},"author":1,"featured_media":0,"parent":0,"menu_order":0,"comment_status":"closed","ping_status":"closed","template":"","meta":{"ngg_post_thumbnail":0},"_links":{"self":[{"href":"http:\/\/stamm-sma.de\/index.php?rest_route=\/wp\/v2\/pages\/186"}],"collection":[{"href":"http:\/\/stamm-sma.de\/index.php?rest_route=\/wp\/v2\/pages"}],"about":[{"href":"http:\/\/stamm-sma.de\/index.php?rest_route=\/wp\/v2\/types\/page"}],"author":[{"embeddable":true,"href":"http:\/\/stamm-sma.de\/index.php?rest_route=\/wp\/v2\/users\/1"}],"replies":[{"embeddable":true,"href":"http:\/\/stamm-sma.de\/index.php?rest_route=%2Fwp%2Fv2%2Fcomments&post=186"}],"version-history":[{"count":12,"href":"http:\/\/stamm-sma.de\/index.php?rest_route=\/wp\/v2\/pages\/186\/revisions"}],"predecessor-version":[{"id":612,"href":"http:\/\/stamm-sma.de\/index.php?rest_route=\/wp\/v2\/pages\/186\/revisions\/612"}],"wp:attachment":[{"href":"http:\/\/stamm-sma.de\/index.php?rest_route=%2Fwp%2Fv2%2Fmedia&parent=186"}],"curies":[{"name":"wp","href":"https:\/\/api.w.org\/{rel}","templated":true}]}}